{"id":5574,"date":"2025-04-24T13:48:51","date_gmt":"2025-04-24T11:48:51","guid":{"rendered":"https:\/\/vrtecsalovci.splet.arnes.si\/?page_id=5574"},"modified":"2025-04-24T13:49:41","modified_gmt":"2025-04-24T11:49:41","slug":"zascita-pred-klopi","status":"publish","type":"page","link":"https:\/\/vrtec.os-salovci.si\/?page_id=5574","title":{"rendered":"ZA\u0160\u010cITA PRED KLOPI"},"content":{"rendered":"\n<p>Sezona sprehodov in aktivnosti v naravi je tu, s tem pa vse ve\u010dja mo\u017enost sre\u010danja z nadle\u017enimi \u017eu\u017eelkami kot so klopi.&nbsp; Klopi so aktivni od zgodnje pomladi do pozne jeseni. Klopi se nahajajo predvsem v gozdni podrasti, grmovju, v travi in celo na vrtu ali igri\u0161\u010du. Prena\u0161ajo lahko \u0161tevilne bolezni, med katerimi so najpomembnej\u0161e klopni meningoencefalitis, lymska borelioza in erlihioza.&nbsp;<\/p>\n\n\n\n<p>Pomembna je preventiva oz. zmanj\u0161anje tveganje klopovega ugriza.<\/p>\n\n\n\n<p>&nbsp;<strong><u>ZA\u0160\u010cITA PRED UGRIZOM KLOPA:<\/u><\/strong><\/p>\n\n\n\n<ul class=\"wp-block-list\">\n<li>Primerna obleka in obutev; deli telesa naj bodo \u010dim bolj pokritih, obla\u010dila naj bodo svetlih barv, visoki \u010devlji.&nbsp;<\/li>\n\n\n\n<li>Nanos sredstva proti klopom (star\u0161i sami po svoji presoji zjutraj pred odhodom v vrtec za\u0161\u010ditite otroka z repelenti, primernimi otrokovi starosti).&nbsp;<\/li>\n\n\n\n<li>Najpomembnej\u0161e je vsakodnevno temeljito pregledovanje otroka. \u0160e posebej je potrebno pozorno pregledati vse ko\u017ene gube, lasi\u0161\u010de, zunanjost in notranjost u\u0161es, popek, spolovilo.&nbsp;<\/li>\n\n\n\n<li>Ko je bil otrok v naravi, otrokova obla\u010dila slecite in jih operite. Otroka vsakodnevno stu\u0161irajte.<\/li>\n<\/ul>\n\n\n\n<figure class=\"wp-block-table\"><table class=\"has-fixed-layout\"><tbody><tr><td><strong>V vrtcu klopa ne odstranjujemo, o pojavu obvestimo star\u0161e, da lahko sami odstranijo klopa oz. ga po lastni presoji odpeljejo k zdravniku.<\/strong><strong>&nbsp;<\/strong><\/td><\/tr><\/tbody><\/table><\/figure>\n\n\n\n<p><\/p>\n\n\n\n<p>Ve\u010d informacij o boleznih, ki jih prena\u0161ajo klopi najdete na naslednji povezavi:<\/p>\n\n\n\n<p><a href=\"https:\/\/nijz.si\/nalezljive-bolezni\/klopi-lahko-prenasajo-bolezni-zascitimo-se-pravocasno\/\">https:\/\/nijz.si\/nalezljive-bolezni\/klopi-lahko-prenasajo-bolezni-zascitimo-se-pravocasno\/<\/a><\/p>\n\n\n<div class=\"wp-block-image\">\n<figure class=\"aligncenter size-full\"><a href=\"https:\/\/vrtec.os-salovci.si\/files\/2025\/04\/image-1.png\"><img loading=\"lazy\" decoding=\"async\" width=\"177\" height=\"177\" src=\"https:\/\/vrtec.os-salovci.si\/files\/2025\/04\/image-1.png\" alt=\"\" class=\"wp-image-5575\" srcset=\"https:\/\/vrtec.os-salovci.si\/files\/2025\/04\/image-1.png 177w, https:\/\/vrtec.os-salovci.si\/files\/2025\/04\/image-1-150x150.png 150w\" sizes=\"auto, (max-width: 177px) 100vw, 177px\" \/><\/a><\/figure>\n<\/div>\n\n\n<p class=\"has-text-align-right\">Pripravile: Strokovne delavke vrtca<\/p>\n\n\n\n<p><\/p>\n","protected":false},"excerpt":{"rendered":"<p>Sezona sprehodov in aktivnosti v naravi je tu, s tem pa vse ve\u010dja mo\u017enost sre\u010danja z nadle\u017enimi \u017eu\u017eelkami kot so klopi.&nbsp; Klopi so aktivni od zgodnje pomladi do pozne jeseni. [&hellip;]<\/p>\n","protected":false},"author":81642,"featured_media":0,"parent":0,"menu_order":0,"comment_status":"closed","ping_status":"closed","template":"","meta":{"ngg_post_thumbnail":0,"footnotes":""},"class_list":["post-5574","page","type-page","status-publish","hentry"],"_links":{"self":[{"href":"https:\/\/vrtec.os-salovci.si\/index.php?rest_route=\/wp\/v2\/pages\/5574","targetHints":{"allow":["GET"]}}],"collection":[{"href":"https:\/\/vrtec.os-salovci.si\/index.php?rest_route=\/wp\/v2\/pages"}],"about":[{"href":"https:\/\/vrtec.os-salovci.si\/index.php?rest_route=\/wp\/v2\/types\/page"}],"author":[{"embeddable":true,"href":"https:\/\/vrtec.os-salovci.si\/index.php?rest_route=\/wp\/v2\/users\/81642"}],"replies":[{"embeddable":true,"href":"https:\/\/vrtec.os-salovci.si\/index.php?rest_route=%2Fwp%2Fv2%2Fcomments&post=5574"}],"version-history":[{"count":2,"href":"https:\/\/vrtec.os-salovci.si\/index.php?rest_route=\/wp\/v2\/pages\/5574\/revisions"}],"predecessor-version":[{"id":5577,"href":"https:\/\/vrtec.os-salovci.si\/index.php?rest_route=\/wp\/v2\/pages\/5574\/revisions\/5577"}],"wp:attachment":[{"href":"https:\/\/vrtec.os-salovci.si\/index.php?rest_route=%2Fwp%2Fv2%2Fmedia&parent=5574"}],"curies":[{"name":"wp","href":"https:\/\/api.w.org\/{rel}","templated":true}]}}