{"id":5374,"date":"2024-09-06T07:52:16","date_gmt":"2024-09-06T05:52:16","guid":{"rendered":"https:\/\/vrtecsalovci.splet.arnes.si\/?page_id=5374"},"modified":"2024-09-06T11:16:00","modified_gmt":"2024-09-06T09:16:00","slug":"program","status":"publish","type":"page","link":"https:\/\/vrtec.os-salovci.si\/?page_id=5374","title":{"rendered":"Program"},"content":{"rendered":"\n<p>Vrtec star\u0161em nudi DNEVNI PROGRAM (<strong>10 ur dnevno<\/strong>) za otroke, stare od <strong>1.<\/strong> do <strong>6.<\/strong> leta starosti oz. do vstopa v osnovno \u0161olo.<\/p>\n\n\n\n<p>\u017divljenje v vrtcu se odvija po nacionalnem dokumentu \u2013 Kurikulumu za vrtce, ki je strokovna podlaga za izpeljave v razli\u010dnih programih.<\/p>\n","protected":false},"excerpt":{"rendered":"<p>Vrtec star\u0161em nudi DNEVNI PROGRAM (10 ur dnevno) za otroke, stare od 1. do 6. leta starosti oz. do vstopa v osnovno \u0161olo. \u017divljenje v vrtcu se odvija po nacionalnem [&hellip;]<\/p>\n","protected":false},"author":81642,"featured_media":0,"parent":0,"menu_order":0,"comment_status":"closed","ping_status":"closed","template":"","meta":{"ngg_post_thumbnail":0,"footnotes":""},"class_list":["post-5374","page","type-page","status-publish","hentry"],"_links":{"self":[{"href":"https:\/\/vrtec.os-salovci.si\/index.php?rest_route=\/wp\/v2\/pages\/5374","targetHints":{"allow":["GET"]}}],"collection":[{"href":"https:\/\/vrtec.os-salovci.si\/index.php?rest_route=\/wp\/v2\/pages"}],"about":[{"href":"https:\/\/vrtec.os-salovci.si\/index.php?rest_route=\/wp\/v2\/types\/page"}],"author":[{"embeddable":true,"href":"https:\/\/vrtec.os-salovci.si\/index.php?rest_route=\/wp\/v2\/users\/81642"}],"replies":[{"embeddable":true,"href":"https:\/\/vrtec.os-salovci.si\/index.php?rest_route=%2Fwp%2Fv2%2Fcomments&post=5374"}],"version-history":[{"count":2,"href":"https:\/\/vrtec.os-salovci.si\/index.php?rest_route=\/wp\/v2\/pages\/5374\/revisions"}],"predecessor-version":[{"id":5389,"href":"https:\/\/vrtec.os-salovci.si\/index.php?rest_route=\/wp\/v2\/pages\/5374\/revisions\/5389"}],"wp:attachment":[{"href":"https:\/\/vrtec.os-salovci.si\/index.php?rest_route=%2Fwp%2Fv2%2Fmedia&parent=5374"}],"curies":[{"name":"wp","href":"https:\/\/api.w.org\/{rel}","templated":true}]}}