{"id":303,"date":"2015-11-16T08:52:57","date_gmt":"2015-11-16T07:52:57","guid":{"rendered":"http:\/\/vrtecsalovci.splet.arnes.si\/?page_id=303"},"modified":"2024-10-02T10:15:15","modified_gmt":"2024-10-02T08:15:15","slug":"svet-starsev","status":"publish","type":"page","link":"https:\/\/vrtec.os-salovci.si\/?page_id=303","title":{"rendered":"Svet star\u0161ev"},"content":{"rendered":"<p>&nbsp;<\/p>\n<p>V vrtcu deluje Svet star\u0161ev. Star\u0161i v vsakem oddelku izvolite svojega predstavnika v Svet star\u0161ev.<\/p>\n<p>Svet star\u0161ev v vrtcu se oblikuje zaradi organiziranega uresni\u010devanja interesov in potreb star\u0161ev na podlagi 66. \u010dlena Zakona o organizaciji in financiranju vzgoje in izobra\u017eevanja.<\/p>\n<p>Predstavnika sveta star\u0161ev za \u0161olsko leto 2024\/2025 sta:<\/p>\n<ul>\n<li>v mlaj\u0161i skupini: Bo\u0161tjan Recek<\/li>\n<li>v starej\u0161i skupini: Jasmina \u010crnko Papi\u010d<\/li>\n<\/ul>\n<p>&nbsp;<\/p>\n\n<div class=\"wp-block-image\">\n<figure class=\"aligncenter size-full is-resized\"><a href=\"https:\/\/vrtec.os-salovci.si\/files\/2024\/09\/image.png\"><img loading=\"lazy\" decoding=\"async\" width=\"210\" height=\"134\" src=\"https:\/\/vrtec.os-salovci.si\/files\/2024\/09\/image.png\" alt=\"\" class=\"wp-image-5357\" style=\"aspect-ratio:1.5671641791044777;width:364px;height:auto\" \/><\/a><\/figure>\n<\/div>","protected":false},"excerpt":{"rendered":"<p>&nbsp; V vrtcu deluje Svet star\u0161ev. Star\u0161i v vsakem oddelku izvolite svojega predstavnika v Svet star\u0161ev. Svet star\u0161ev v vrtcu se oblikuje zaradi organiziranega uresni\u010devanja interesov in potreb star\u0161ev na [&hellip;]<\/p>\n","protected":false},"author":2635,"featured_media":0,"parent":0,"menu_order":0,"comment_status":"closed","ping_status":"open","template":"","meta":{"ngg_post_thumbnail":0,"footnotes":""},"class_list":["post-303","page","type-page","status-publish","hentry"],"_links":{"self":[{"href":"https:\/\/vrtec.os-salovci.si\/index.php?rest_route=\/wp\/v2\/pages\/303","targetHints":{"allow":["GET"]}}],"collection":[{"href":"https:\/\/vrtec.os-salovci.si\/index.php?rest_route=\/wp\/v2\/pages"}],"about":[{"href":"https:\/\/vrtec.os-salovci.si\/index.php?rest_route=\/wp\/v2\/types\/page"}],"author":[{"embeddable":true,"href":"https:\/\/vrtec.os-salovci.si\/index.php?rest_route=\/wp\/v2\/users\/2635"}],"replies":[{"embeddable":true,"href":"https:\/\/vrtec.os-salovci.si\/index.php?rest_route=%2Fwp%2Fv2%2Fcomments&post=303"}],"version-history":[{"count":14,"href":"https:\/\/vrtec.os-salovci.si\/index.php?rest_route=\/wp\/v2\/pages\/303\/revisions"}],"predecessor-version":[{"id":5441,"href":"https:\/\/vrtec.os-salovci.si\/index.php?rest_route=\/wp\/v2\/pages\/303\/revisions\/5441"}],"wp:attachment":[{"href":"https:\/\/vrtec.os-salovci.si\/index.php?rest_route=%2Fwp%2Fv2%2Fmedia&parent=303"}],"curies":[{"name":"wp","href":"https:\/\/api.w.org\/{rel}","templated":true}]}}